{"id":7788,"date":"2021-01-07T13:10:29","date_gmt":"2021-01-07T12:10:29","guid":{"rendered":"http:\/\/sulima.pl\/index.php\/cart\/"},"modified":"2023-05-16T20:45:01","modified_gmt":"2023-05-16T18:45:01","slug":"cart","status":"publish","type":"page","link":"https:\/\/ru.sulima.eu\/index.php\/cart\/","title":{"rendered":"Koszyk"},"content":{"rendered":"[woocommerce_cart]\n","protected":false},"excerpt":{"rendered":"[woocommerce_cart]","protected":false},"author":1,"featured_media":0,"parent":0,"menu_order":0,"comment_status":"closed","ping_status":"closed","template":"","meta":{"footnotes":""},"yoast_head":"<!-- This site is optimized with the Yoast SEO plugin v23.6 - https:\/\/yoast.com\/wordpress\/plugins\/seo\/ -->\n<title>Koszyk - \u0421\u0443\u043b\u0438\u043c\u0430 | \u041f\u0440\u043e\u0438\u0437\u0432\u043e\u0434\u0438\u0442\u0435\u043b\u044c \u0431\u044b\u0442\u043e\u0432\u043e\u0439 \u0438 \u043f\u0440\u043e\u043c\u044b\u0448\u043b\u0435\u043d\u043d\u043e\u0439 \u0445\u0438\u043c\u0438\u0438<\/title>\n<meta name=\"robots\" content=\"index, follow, max-snippet:-1, max-image-preview:large, max-video-preview:-1\" \/>\n<link rel=\"canonical\" href=\"https:\/\/ru.sulima.eu\/index.php\/cart\/\" \/>\n<meta property=\"og:locale\" content=\"ru_RU\" \/>\n<meta property=\"og:type\" content=\"article\" \/>\n<meta property=\"og:title\" content=\"Koszyk - \u0421\u0443\u043b\u0438\u043c\u0430 | \u041f\u0440\u043e\u0438\u0437\u0432\u043e\u0434\u0438\u0442\u0435\u043b\u044c \u0431\u044b\u0442\u043e\u0432\u043e\u0439 \u0438 \u043f\u0440\u043e\u043c\u044b\u0448\u043b\u0435\u043d\u043d\u043e\u0439 \u0445\u0438\u043c\u0438\u0438\" \/>\n<meta property=\"og:url\" content=\"https:\/\/ru.sulima.eu\/index.php\/cart\/\" \/>\n<meta property=\"og:site_name\" content=\"\u0421\u0443\u043b\u0438\u043c\u0430 | \u041f\u0440\u043e\u0438\u0437\u0432\u043e\u0434\u0438\u0442\u0435\u043b\u044c \u0431\u044b\u0442\u043e\u0432\u043e\u0439 \u0438 \u043f\u0440\u043e\u043c\u044b\u0448\u043b\u0435\u043d\u043d\u043e\u0439 \u0445\u0438\u043c\u0438\u0438\" \/>\n<meta property=\"article:modified_time\" content=\"2023-05-16T18:45:01+00:00\" \/>\n<meta name=\"twitter:card\" content=\"summary_large_image\" \/>\n<script type=\"application\/ld+json\" class=\"yoast-schema-graph\">{\"@context\":\"https:\/\/schema.org\",\"@graph\":[{\"@type\":\"WebPage\",\"@id\":\"https:\/\/ru.sulima.eu\/index.php\/cart\/\",\"url\":\"https:\/\/ru.sulima.eu\/index.php\/cart\/\",\"name\":\"Koszyk - \u0421\u0443\u043b\u0438\u043c\u0430 | \u041f\u0440\u043e\u0438\u0437\u0432\u043e\u0434\u0438\u0442\u0435\u043b\u044c \u0431\u044b\u0442\u043e\u0432\u043e\u0439 \u0438 \u043f\u0440\u043e\u043c\u044b\u0448\u043b\u0435\u043d\u043d\u043e\u0439 \u0445\u0438\u043c\u0438\u0438\",\"isPartOf\":{\"@id\":\"https:\/\/en.sulima.eu\/#website\"},\"datePublished\":\"2021-01-07T12:10:29+00:00\",\"dateModified\":\"2023-05-16T18:45:01+00:00\",\"breadcrumb\":{\"@id\":\"https:\/\/ru.sulima.eu\/index.php\/cart\/#breadcrumb\"},\"inLanguage\":\"ru-RU\",\"potentialAction\":[{\"@type\":\"ReadAction\",\"target\":[\"https:\/\/ru.sulima.eu\/index.php\/cart\/\"]}]},{\"@type\":\"BreadcrumbList\",\"@id\":\"https:\/\/ru.sulima.eu\/index.php\/cart\/#breadcrumb\",\"itemListElement\":[{\"@type\":\"ListItem\",\"position\":1,\"name\":\"Strona g\u0142\u00f3wna\",\"item\":\"https:\/\/ru.sulima.eu\/\"},{\"@type\":\"ListItem\",\"position\":2,\"name\":\"Koszyk\"}]},{\"@type\":\"WebSite\",\"@id\":\"https:\/\/en.sulima.eu\/#website\",\"url\":\"https:\/\/en.sulima.eu\/\",\"name\":\"\u0421\u0443\u043b\u0438\u043c\u0430 | \u041f\u0440\u043e\u0438\u0437\u0432\u043e\u0434\u0438\u0442\u0435\u043b\u044c \u0431\u044b\u0442\u043e\u0432\u043e\u0439 \u0438 \u043f\u0440\u043e\u043c\u044b\u0448\u043b\u0435\u043d\u043d\u043e\u0439 \u0445\u0438\u043c\u0438\u0438\",\"description\":\"pasty \u017cele do mycia r\u0105k p\u0142yny koncentraty myj\u0105ce \u015brodki chemiczne\",\"potentialAction\":[{\"@type\":\"SearchAction\",\"target\":{\"@type\":\"EntryPoint\",\"urlTemplate\":\"https:\/\/en.sulima.eu\/?s={search_term_string}\"},\"query-input\":{\"@type\":\"PropertyValueSpecification\",\"valueRequired\":true,\"valueName\":\"search_term_string\"}}],\"inLanguage\":\"ru-RU\"}]}<\/script>\n<!-- \/ Yoast SEO plugin. -->","yoast_head_json":{"title":"Koszyk - \u0421\u0443\u043b\u0438\u043c\u0430 | \u041f\u0440\u043e\u0438\u0437\u0432\u043e\u0434\u0438\u0442\u0435\u043b\u044c \u0431\u044b\u0442\u043e\u0432\u043e\u0439 \u0438 \u043f\u0440\u043e\u043c\u044b\u0448\u043b\u0435\u043d\u043d\u043e\u0439 \u0445\u0438\u043c\u0438\u0438","robots":{"index":"index","follow":"follow","max-snippet":"max-snippet:-1","max-image-preview":"max-image-preview:large","max-video-preview":"max-video-preview:-1"},"canonical":"https:\/\/ru.sulima.eu\/index.php\/cart\/","og_locale":"ru_RU","og_type":"article","og_title":"Koszyk - \u0421\u0443\u043b\u0438\u043c\u0430 | \u041f\u0440\u043e\u0438\u0437\u0432\u043e\u0434\u0438\u0442\u0435\u043b\u044c \u0431\u044b\u0442\u043e\u0432\u043e\u0439 \u0438 \u043f\u0440\u043e\u043c\u044b\u0448\u043b\u0435\u043d\u043d\u043e\u0439 \u0445\u0438\u043c\u0438\u0438","og_url":"https:\/\/ru.sulima.eu\/index.php\/cart\/","og_site_name":"\u0421\u0443\u043b\u0438\u043c\u0430 | \u041f\u0440\u043e\u0438\u0437\u0432\u043e\u0434\u0438\u0442\u0435\u043b\u044c \u0431\u044b\u0442\u043e\u0432\u043e\u0439 \u0438 \u043f\u0440\u043e\u043c\u044b\u0448\u043b\u0435\u043d\u043d\u043e\u0439 \u0445\u0438\u043c\u0438\u0438","article_modified_time":"2023-05-16T18:45:01+00:00","twitter_card":"summary_large_image","schema":{"@context":"https:\/\/schema.org","@graph":[{"@type":"WebPage","@id":"https:\/\/ru.sulima.eu\/index.php\/cart\/","url":"https:\/\/ru.sulima.eu\/index.php\/cart\/","name":"Koszyk - \u0421\u0443\u043b\u0438\u043c\u0430 | \u041f\u0440\u043e\u0438\u0437\u0432\u043e\u0434\u0438\u0442\u0435\u043b\u044c \u0431\u044b\u0442\u043e\u0432\u043e\u0439 \u0438 \u043f\u0440\u043e\u043c\u044b\u0448\u043b\u0435\u043d\u043d\u043e\u0439 \u0445\u0438\u043c\u0438\u0438","isPartOf":{"@id":"https:\/\/en.sulima.eu\/#website"},"datePublished":"2021-01-07T12:10:29+00:00","dateModified":"2023-05-16T18:45:01+00:00","breadcrumb":{"@id":"https:\/\/ru.sulima.eu\/index.php\/cart\/#breadcrumb"},"inLanguage":"ru-RU","potentialAction":[{"@type":"ReadAction","target":["https:\/\/ru.sulima.eu\/index.php\/cart\/"]}]},{"@type":"BreadcrumbList","@id":"https:\/\/ru.sulima.eu\/index.php\/cart\/#breadcrumb","itemListElement":[{"@type":"ListItem","position":1,"name":"Strona g\u0142\u00f3wna","item":"https:\/\/ru.sulima.eu\/"},{"@type":"ListItem","position":2,"name":"Koszyk"}]},{"@type":"WebSite","@id":"https:\/\/en.sulima.eu\/#website","url":"https:\/\/en.sulima.eu\/","name":"\u0421\u0443\u043b\u0438\u043c\u0430 | \u041f\u0440\u043e\u0438\u0437\u0432\u043e\u0434\u0438\u0442\u0435\u043b\u044c \u0431\u044b\u0442\u043e\u0432\u043e\u0439 \u0438 \u043f\u0440\u043e\u043c\u044b\u0448\u043b\u0435\u043d\u043d\u043e\u0439 \u0445\u0438\u043c\u0438\u0438","description":"pasty \u017cele do mycia r\u0105k p\u0142yny koncentraty myj\u0105ce \u015brodki chemiczne","potentialAction":[{"@type":"SearchAction","target":{"@type":"EntryPoint","urlTemplate":"https:\/\/en.sulima.eu\/?s={search_term_string}"},"query-input":{"@type":"PropertyValueSpecification","valueRequired":true,"valueName":"search_term_string"}}],"inLanguage":"ru-RU"}]}},"_links":{"self":[{"href":"https:\/\/ru.sulima.eu\/index.php\/wp-json\/wp\/v2\/pages\/7788"}],"collection":[{"href":"https:\/\/ru.sulima.eu\/index.php\/wp-json\/wp\/v2\/pages"}],"about":[{"href":"https:\/\/ru.sulima.eu\/index.php\/wp-json\/wp\/v2\/types\/page"}],"author":[{"embeddable":true,"href":"https:\/\/ru.sulima.eu\/index.php\/wp-json\/wp\/v2\/users\/1"}],"replies":[{"embeddable":true,"href":"https:\/\/ru.sulima.eu\/index.php\/wp-json\/wp\/v2\/comments?post=7788"}],"version-history":[{"count":0,"href":"https:\/\/ru.sulima.eu\/index.php\/wp-json\/wp\/v2\/pages\/7788\/revisions"}],"wp:attachment":[{"href":"https:\/\/ru.sulima.eu\/index.php\/wp-json\/wp\/v2\/media?parent=7788"}],"curies":[{"name":"wp","href":"https:\/\/api.w.org\/{rel}","templated":true}]}}